{"id":1340,"date":"2025-04-02T08:06:45","date_gmt":"2025-04-02T06:06:45","guid":{"rendered":"https:\/\/legalbrand.net\/?page_id=1340"},"modified":"2025-05-30T07:35:02","modified_gmt":"2025-05-30T05:35:02","slug":"contratos","status":"publish","type":"page","link":"https:\/\/legalbrand.net\/index.php\/contratos\/","title":{"rendered":"Contratos"},"content":{"rendered":"<p>[et_pb_section fb_built=\u00bb1&#8243; _builder_version=\u00bb4.27.4&#8243; _module_preset=\u00bbdefault\u00bb background_color=\u00bb#81b3ff\u00bb global_module=\u00bb1211&#8243; saved_tabs=\u00bball\u00bb locked=\u00bboff\u00bb global_colors_info=\u00bb{}\u00bb][et_pb_row _builder_version=\u00bb4.27.4&#8243; _module_preset=\u00bbdefault\u00bb global_colors_info=\u00bb{}\u00bb][et_pb_column type=\u00bb4_4&#8243; _builder_version=\u00bb4.27.4&#8243; _module_preset=\u00bbdefault\u00bb global_colors_info=\u00bb{}\u00bb][et_pb_text _builder_version=\u00bb4.27.4&#8243; _module_preset=\u00bbdefault\u00bb text_font=\u00bbGotham Black||||||||\u00bb text_text_color=\u00bb#f9f9f9&#8243; text_font_size=\u00bb90px\u00bb text_line_height=\u00bb1.8em\u00bb text_orientation=\u00bbcenter\u00bb text_font_size_tablet=\u00bb\u00bb text_font_size_phone=\u00bb52px\u00bb text_font_size_last_edited=\u00bbon|desktop\u00bb global_colors_info=\u00bb{}\u00bb]<\/p>\n<p>SERVICIOS<\/p>\n<p>[\/et_pb_text][\/et_pb_column][\/et_pb_row][\/et_pb_section][et_pb_section fb_built=\u00bb1&#8243; _builder_version=\u00bb4.27.4&#8243; _module_preset=\u00bbdefault\u00bb global_colors_info=\u00bb{}\u00bb][et_pb_row column_structure=\u00bb1_3,1_3,1_3&#8243; _builder_version=\u00bb4.27.4&#8243; _module_preset=\u00bbdefault\u00bb custom_padding=\u00bb33px|||||\u00bb animation_style=\u00bbbounce\u00bb animation_direction=\u00bbbottom\u00bb custom_css_free_form=\u00bb\/* A\u00f1adir dos botones en la columna*\/||.inline-buttons .et_pb_button_module_wrapper {||    display: inline-block;||    margin: 0 10px;||}||||.inline-buttons {||    text-align: left !important; || ||    \/* Cambie %22Centro%22 a izquierda o derecha seg\u00fan lo necesite *\/||}||\u00bb locked=\u00bboff\u00bb global_colors_info=\u00bb{}\u00bb][et_pb_column type=\u00bb1_3&#8243; _builder_version=\u00bb4.27.4&#8243; _module_preset=\u00bbdefault\u00bb global_colors_info=\u00bb{}\u00bb][et_pb_text _builder_version=\u00bb4.27.4&#8243; _module_preset=\u00bbdefault\u00bb text_font=\u00bbRoboto|700|||||||\u00bb text_text_color=\u00bb#0a0a0a\u00bb text_font_size=\u00bb34px\u00bb text_orientation_tablet=\u00bb\u00bb text_orientation_phone=\u00bbcenter\u00bb text_orientation_last_edited=\u00bbon|phone\u00bb global_colors_info=\u00bb{}\u00bb]<\/p>\n<p>Contratos<\/p>\n<p>[\/et_pb_text][et_pb_text _builder_version=\u00bb4.27.4&#8243; _module_preset=\u00bbdefault\u00bb text_font=\u00bbRoboto|300|||||||\u00bb text_text_color=\u00bb#0a0a0a\u00bb text_line_height=\u00bb1.3em\u00bb global_colors_info=\u00bb{}\u00bb]<\/p>\n<p>Un contrato bien redactado es esencial para proteger tus intereses y evitar futuros conflictos. Nuestro servicio de Elaboraci\u00f3n y Revisi\u00f3n de Contratos te proporciona la seguridad legal que necesitas para cerrar acuerdos con total confianza.<\/p>\n<p>[\/et_pb_text][et_pb_text _builder_version=\u00bb4.27.4&#8243; _module_preset=\u00bbdefault\u00bb text_font=\u00bbRoboto|700|||||||\u00bb text_text_color=\u00bb#0a0a0a\u00bb text_font_size=\u00bb16px\u00bb custom_margin=\u00bb-12px||||false|false\u00bb custom_margin_tablet=\u00bb-12px||||false|false\u00bb custom_margin_phone=\u00bb-12px||||false|false\u00bb custom_margin_last_edited=\u00bbon|desktop\u00bb text_orientation_tablet=\u00bb\u00bb text_orientation_phone=\u00bbcenter\u00bb text_orientation_last_edited=\u00bbon|phone\u00bb global_colors_info=\u00bb{}\u00bb]<\/p>\n<p>\u00bfQu\u00e9 ofrecemos?<\/p>\n<p>[\/et_pb_text][et_pb_text _builder_version=\u00bb4.27.4&#8243; _module_preset=\u00bbdefault\u00bb text_font=\u00bbRoboto|300|||||||\u00bb text_text_color=\u00bb#0a0a0a\u00bb text_line_height=\u00bb1.3em\u00bb custom_margin=\u00bb-15px||||false|false\u00bb custom_margin_tablet=\u00bb-15px||||false|false\u00bb custom_margin_phone=\u00bb-15px||||false|false\u00bb custom_margin_last_edited=\u00bbon|desktop\u00bb global_colors_info=\u00bb{}\u00bb]<\/p>\n<p><strong>An\u00e1lisis de Necesidades:<\/strong> <br \/>Evaluamos tus necesidades espec\u00edficas y el tipo de contrato que mejor se adapta a tu situaci\u00f3n.<\/p>\n<p><strong>Asesor\u00eda Personalizada:<\/strong> <br \/>Te explicamos los aspectos clave que debe contener el contrato y resolvemos todas tus dudas.<\/p>\n<p>[\/et_pb_text][et_pb_text _builder_version=\u00bb4.27.4&#8243; _module_preset=\u00bbdefault\u00bb text_font=\u00bbRoboto||||||||\u00bb text_text_color=\u00bb#0a0a0a\u00bb text_font_size=\u00bb17px\u00bb text_orientation_tablet=\u00bb\u00bb text_orientation_phone=\u00bbcenter\u00bb text_orientation_last_edited=\u00bbon|phone\u00bb global_colors_info=\u00bb{}\u00bb]<\/p>\n<p>Elaboraci\u00f3n del Contrato<\/p>\n<p>[\/et_pb_text][et_pb_text _builder_version=\u00bb4.27.4&#8243; _module_preset=\u00bbdefault\u00bb text_font=\u00bbRoboto|300|||||||\u00bb text_text_color=\u00bb#0a0a0a\u00bb custom_margin=\u00bb-16px||||false|false\u00bb custom_margin_tablet=\u00bb-16px||||false|false\u00bb custom_margin_phone=\u00bb-16px||||false|false\u00bb custom_margin_last_edited=\u00bbon|desktop\u00bb global_colors_info=\u00bb{}\u00bb]<\/p>\n<p><strong>Redacci\u00f3n Personalizada:<\/strong> Redactamos el contrato desde cero, asegurando que cubra todos los aspectos legales y particulares de tu acuerdo.<\/p>\n<p><strong>Cl\u00e1usulas Espec\u00edficas: <\/strong>Incluimos cl\u00e1usulas detalladas que protejan tus intereses<br \/>y definan claramente los t\u00e9rminos y condiciones.<\/p>\n<p><strong>An\u00e1lisis Minucioso:<\/strong> Revisamos contratos existentes para detectar posibles<br \/>riesgos, omisiones y asegurar su solidez legal.<\/p>\n<p><strong>Recomendaciones de Mejora:<\/strong> Proporcionamos sugerencias para fortalecer el contrato y asegurar que est\u00e9 en l\u00ednea con las leyes vigentes.<\/p>\n<p>[\/et_pb_text][\/et_pb_column][et_pb_column type=\u00bb1_3&#8243; module_class=\u00bbinline-buttons\u00bb _builder_version=\u00bb4.27.4&#8243; _module_preset=\u00bbdefault\u00bb global_colors_info=\u00bb{}\u00bb][et_pb_text _builder_version=\u00bb4.27.4&#8243; _module_preset=\u00bbdefault\u00bb text_font=\u00bbRoboto|300|||||||\u00bb text_text_color=\u00bb#0a0a0a\u00bb text_line_height=\u00bb1.3em\u00bb custom_margin=\u00bb46px||||false|false\u00bb custom_margin_tablet=\u00bb-15px||||false|false\u00bb custom_margin_phone=\u00bb-15px||||false|false\u00bb custom_margin_last_edited=\u00bbon|desktop\u00bb global_colors_info=\u00bb{}\u00bb]<\/p>\n<p><strong>Recolecci\u00f3n de Evidencias:<\/strong><br \/>Recopilamos toda la evidencia necesaria para fortalecer tu caso, incluyendo documentos, testimonios y an\u00e1lisis t\u00e9cnicos.<\/p>\n<p><strong>Plan de Acci\u00f3n:<\/strong><br \/>Desarrollamos una estrategia legal s\u00f3lida y personalizada para abordar tu caso de la manera m\u00e1s efectiva.<\/p>\n<p><strong>Preparaci\u00f3n de Documentaci\u00f3n:<\/strong> Redactamos todos los documentos legales necesarios, asegurando que est\u00e9n completos y precisos.<\/p>\n<p>[\/et_pb_text][et_pb_text _builder_version=\u00bb4.27.4&#8243; _module_preset=\u00bbdefault\u00bb text_font=\u00bbRoboto||||||||\u00bb text_text_color=\u00bb#0a0a0a\u00bb text_font_size=\u00bb17px\u00bb text_orientation_tablet=\u00bb\u00bb text_orientation_phone=\u00bbcenter\u00bb text_orientation_last_edited=\u00bbon|phone\u00bb locked=\u00bboff\u00bb global_colors_info=\u00bb{}\u00bb]<\/p>\n<p>Finalizaci\u00f3n y Formalizaci\u00f3n<\/p>\n<p>[\/et_pb_text][et_pb_text _builder_version=\u00bb4.27.4&#8243; _module_preset=\u00bbdefault\u00bb text_font=\u00bbRoboto|300|||||||\u00bb text_text_color=\u00bb#0a0a0a\u00bb text_line_height=\u00bb1.3em\u00bb custom_margin=\u00bb-15px||||false|false\u00bb custom_margin_tablet=\u00bb-15px||||false|false\u00bb custom_margin_phone=\u00bb-15px||||false|false\u00bb custom_margin_last_edited=\u00bbon|desktop\u00bb global_colors_info=\u00bb{}\u00bb]<\/p>\n<p><strong>Revisi\u00f3n Final:<\/strong> <br \/>Hacemos una revisi\u00f3n final para asegurar que el contrato est\u00e9 completo y correcto.<\/p>\n<p><strong>Formalizaci\u00f3n Legal:<\/strong> <br \/>Te asistimos en el proceso de firma y formalizaci\u00f3n del contrato, asegurando su validez legal.<\/p>\n<p><strong>Actualizaci\u00f3n de Contratos:<\/strong> <br \/>Ofrecemos servicios de actualizaci\u00f3n de contratos para mantenerlos al d\u00eda con cambios legislativos o nuevos acuerdos.<\/p>\n<p>[\/et_pb_text][dnxte_button button_text=\u00bbContactanos\u00bb dnxt_button_alignment=\u00bbcenter\u00bb disabled_on=\u00bboff|off|on\u00bb _builder_version=\u00bb4.27.4&#8243; _module_preset=\u00bbdefault\u00bb btn_fonts_font=\u00bbRoboto||||||||\u00bb btn_fonts_text_color=\u00bb#ffffff\u00bb btn_fonts_font_size=\u00bb22px\u00bb background_color=\u00bb#20d785&#8243; custom_padding=\u00bb9px|30px|9px|30px|true|true\u00bb hover_enabled=\u00bb0&#8243; border_radii_btn_border=\u00bbon|6px|6px|6px|6px\u00bb locked=\u00bboff\u00bb global_colors_info=\u00bb{}\u00bb button_link=\u00bbhttps:\/\/legalbrand.net\/index.php\/formulario\/\u00bb sticky_enabled=\u00bb0&#8243;][\/dnxte_button][dnxte_button button_text=\u00bbCompartir\u00bb dnxt_button_alignment=\u00bbcenter\u00bb disabled_on=\u00bboff|off|on\u00bb _builder_version=\u00bb4.27.4&#8243; _module_preset=\u00bbdefault\u00bb btn_fonts_font=\u00bbRoboto||||||||\u00bb btn_fonts_text_color=\u00bb#ffffff\u00bb btn_fonts_font_size=\u00bb22px\u00bb background_color=\u00bb#3483fa\u00bb custom_padding=\u00bb9px|30px|9px|30px|true|true\u00bb hover_enabled=\u00bb0&#8243; border_radii_btn_border=\u00bbon|6px|6px|6px|6px\u00bb locked=\u00bboff\u00bb global_colors_info=\u00bb{}\u00bb button_link=\u00bbhttps:\/\/legalbrand.net\/index.php\/compartir\/\u00bb sticky_enabled=\u00bb0&#8243;][\/dnxte_button][et_pb_button button_url=\u00bbhttps:\/\/legalbrand.net\/index.php\/formulario\/\u00bb button_text=\u00bbContactanos\u00bb disabled_on=\u00bbon|on|off\u00bb _builder_version=\u00bb4.27.4&#8243; _module_preset=\u00bbdefault\u00bb custom_button=\u00bbon\u00bb button_text_size=\u00bb12px\u00bb button_text_color=\u00bb#ffffff\u00bb button_bg_color=\u00bb#20d785&#8243; button_border_color=\u00bbRGBA(255,255,255,0)\u00bb button_font=\u00bbRoboto||||||||\u00bb custom_margin=\u00bb|||2px|false|false\u00bb custom_margin_tablet=\u00bb|||2px|false|false\u00bb custom_margin_phone=\u00bb|||-14px|false|false\u00bb custom_margin_last_edited=\u00bbon|desktop\u00bb custom_padding=\u00bb7px|36px|7px|36px|true|true\u00bb custom_padding_tablet=\u00bb7px|36px|7px|36px|true|true\u00bb custom_padding_phone=\u00bb7px|36px|7px|36px|true|true\u00bb custom_padding_last_edited=\u00bbon|desktop\u00bb hover_enabled=\u00bb0&#8243; global_colors_info=\u00bb{}\u00bb sticky_enabled=\u00bb0&#8243;][\/et_pb_button][et_pb_button button_url=\u00bbhttps:\/\/legalbrand.net\/index.php\/compartir\/\u00bb button_text=\u00bbCompartir\u00bb disabled_on=\u00bbon|on|off\u00bb _builder_version=\u00bb4.27.4&#8243; _module_preset=\u00bbdefault\u00bb custom_button=\u00bbon\u00bb button_text_size=\u00bb15px\u00bb button_text_color=\u00bb#ffffff\u00bb button_bg_color=\u00bb#3483fa\u00bb button_border_color=\u00bbRGBA(255,255,255,0)\u00bb button_font=\u00bbRoboto||||||||\u00bb custom_padding=\u00bb7px|36px|7px|36px|true|true\u00bb custom_padding_tablet=\u00bb7px|36px|7px|36px|true|true\u00bb custom_padding_phone=\u00bb7px|36px|7px|36px|true|true\u00bb custom_padding_last_edited=\u00bbon|desktop\u00bb global_colors_info=\u00bb{}\u00bb][\/et_pb_button][et_pb_social_media_follow use_icon_font_size=\u00bbon\u00bb _builder_version=\u00bb4.27.4&#8243; _module_preset=\u00bbdefault\u00bb text_orientation=\u00bbleft\u00bb width=\u00bb100%\u00bb max_width=\u00bb100%\u00bb module_alignment=\u00bbcenter\u00bb text_orientation_tablet=\u00bbleft\u00bb text_orientation_phone=\u00bbcenter\u00bb text_orientation_last_edited=\u00bbon|phone\u00bb locked=\u00bboff\u00bb global_colors_info=\u00bb{}\u00bb][et_pb_social_media_follow_network social_network=\u00bbfacebook\u00bb url=\u00bbhttps:\/\/web.facebook.com\/LegalBrandMX\/?_rdc=1&#038;_rdr#\u00bb icon_color=\u00bb#0a0707&#8243; use_icon_font_size=\u00bbon\u00bb icon_font_size=\u00bb40px\u00bb _builder_version=\u00bb4.27.4&#8243; _module_preset=\u00bbdefault\u00bb background_enable_color=\u00bboff\u00bb custom_button=\u00bbon\u00bb border_radii=\u00bbon|0px|0px|0px|0px\u00bb border_color_all=\u00bbRGBA(255,255,255,0)\u00bb global_colors_info=\u00bb{}\u00bb follow_button=\u00bboff\u00bb url_new_window=\u00bbon\u00bb]facebook[\/et_pb_social_media_follow_network][et_pb_social_media_follow_network social_network=\u00bbwhatsapp\u00bb url=\u00bbhttps:\/\/api.whatsapp.com\/send?phone=526182208128&#8243; icon_color=\u00bb#0a0101&#8243; use_icon_font_size=\u00bbon\u00bb icon_font_size=\u00bb50px\u00bb _builder_version=\u00bb4.27.4&#8243; _module_preset=\u00bbdefault\u00bb background_enable_color=\u00bboff\u00bb global_colors_info=\u00bb{}\u00bb follow_button=\u00bboff\u00bb url_new_window=\u00bbon\u00bb]whatsapp[\/et_pb_social_media_follow_network][et_pb_social_media_follow_network social_network=\u00bbinstagram\u00bb url=\u00bbhttps:\/\/www.instagram.com\/legalbrandmx\/\u00bb icon_color=\u00bb#0a0a0a\u00bb use_icon_font_size=\u00bbon\u00bb icon_font_size=\u00bb47px\u00bb _builder_version=\u00bb4.27.4&#8243; _module_preset=\u00bbdefault\u00bb background_enable_color=\u00bboff\u00bb global_colors_info=\u00bb{}\u00bb follow_button=\u00bboff\u00bb url_new_window=\u00bbon\u00bb]instagram[\/et_pb_social_media_follow_network][\/et_pb_social_media_follow][et_pb_image src=\u00bbhttps:\/\/legalbrand.net\/wp-content\/uploads\/2025\/03\/barra-vertical.png\u00bb title_text=\u00bbbarra vertical\u00bb disabled_on=\u00bbon|on|off\u00bb _builder_version=\u00bb4.27.4&#8243; _module_preset=\u00bbdefault\u00bb positioning=\u00bbabsolute\u00bb vertical_offset=\u00bb2px\u00bb horizontal_offset=\u00bb-32px\u00bb width=\u00bb0.5%\u00bb width_tablet=\u00bb0.5%\u00bb width_phone=\u00bb0.5%\u00bb width_last_edited=\u00bbon|desktop\u00bb max_width=\u00bb100%\u00bb max_width_tablet=\u00bb100%\u00bb max_width_phone=\u00bb100%\u00bb max_width_last_edited=\u00bbon|desktop\u00bb min_height_tablet=\u00bb\u00bb min_height_phone=\u00bb\u00bb min_height_last_edited=\u00bbon|desktop\u00bb height=\u00bb694px\u00bb height_tablet=\u00bb694px\u00bb height_phone=\u00bb694px\u00bb height_last_edited=\u00bbon|desktop\u00bb global_colors_info=\u00bb{}\u00bb][\/et_pb_image][\/et_pb_column][et_pb_column type=\u00bb1_3&#8243; _builder_version=\u00bb4.27.4&#8243; _module_preset=\u00bbdefault\u00bb custom_padding=\u00bb35px|31px|35px|31px|true|true\u00bb custom_padding_tablet=\u00bb35px|31px|35px|31px|true|true\u00bb custom_padding_phone=\u00bb35px|31px|35px|31px|true|true\u00bb custom_padding_last_edited=\u00bbon|desktop\u00bb border_radii=\u00bbon|7px|7px|7px|7px\u00bb border_width_all=\u00bb2px\u00bb border_color_all=\u00bb#febb5c\u00bb box_shadow_style=\u00bbpreset1&#8243; box_shadow_horizontal=\u00bb-2px\u00bb box_shadow_blur=\u00bb15px\u00bb box_shadow_spread=\u00bb-6px\u00bb global_colors_info=\u00bb{}\u00bb][et_pb_text _builder_version=\u00bb4.27.4&#8243; _module_preset=\u00bbdefault\u00bb text_font=\u00bbRoboto|700|||||||\u00bb text_text_color=\u00bb#0a0a0a\u00bb text_font_size=\u00bb30px\u00bb text_orientation=\u00bbcenter\u00bb text_orientation_tablet=\u00bbcenter\u00bb text_orientation_phone=\u00bbcenter\u00bb text_orientation_last_edited=\u00bbon|desktop\u00bb locked=\u00bboff\u00bb global_colors_info=\u00bb{}\u00bb]<\/p>\n<p>Contratos<\/p>\n<p>[\/et_pb_text][et_pb_text _builder_version=\u00bb4.27.4&#8243; _module_preset=\u00bbdefault\u00bb text_font=\u00bbRoboto|300|||||||\u00bb text_text_color=\u00bb#0a0a0a\u00bb text_font_size=\u00bb10px\u00bb text_line_height=\u00bb1.1em\u00bb text_orientation=\u00bbcenter\u00bb custom_margin=\u00bb-12px||||false|false\u00bb custom_margin_tablet=\u00bb-12px||||false|false\u00bb custom_margin_phone=\u00bb-12px||||false|false\u00bb custom_margin_last_edited=\u00bbon|desktop\u00bb global_colors_info=\u00bb{}\u00bb]<\/p>\n<p>Nuestro servicio de Elaboraci\u00f3n y Revisi\u00f3n de Contratos te proporciona la seguridad legal que necesitas para cerrar<br \/>acuerdos con total confianza.<\/p>\n<p>[\/et_pb_text][et_pb_image src=\u00bbhttps:\/\/legalbrand.net\/wp-content\/uploads\/2025\/03\/Estrellas.png\u00bb title_text=\u00bbEstrellas\u00bb align=\u00bbcenter\u00bb _builder_version=\u00bb4.27.4&#8243; _module_preset=\u00bbdefault\u00bb width=\u00bb35%\u00bb width_tablet=\u00bb35%\u00bb width_phone=\u00bb35%\u00bb width_last_edited=\u00bbon|desktop\u00bb custom_margin=\u00bb-19px||||false|false\u00bb custom_margin_tablet=\u00bb-19px||||false|false\u00bb custom_margin_phone=\u00bb-19px||||false|false\u00bb custom_margin_last_edited=\u00bbon|desktop\u00bb global_colors_info=\u00bb{}\u00bb][\/et_pb_image][et_pb_text _builder_version=\u00bb4.27.4&#8243; _module_preset=\u00bbdefault\u00bb text_font=\u00bbRoboto|300|||||||\u00bb text_text_color=\u00bb#0a0a0a\u00bb text_font_size=\u00bb11px\u00bb text_line_height=\u00bb0.2em\u00bb text_orientation=\u00bbcenter\u00bb custom_margin=\u00bb-12px||||false|false\u00bb custom_margin_tablet=\u00bb-12px||||false|false\u00bb custom_margin_phone=\u00bb-12px||||false|false\u00bb custom_margin_last_edited=\u00bbon|desktop\u00bb locked=\u00bboff\u00bb global_colors_info=\u00bb{}\u00bb]<\/p>\n<p><span style=\"color: #3366ff;\">Ver los medios de pago<\/span><\/p>\n<p>Stock disponible<\/p>\n<p>[\/et_pb_text][et_pb_divider color=\u00bb#849dba\u00bb divider_weight=\u00bb1.3px\u00bb _builder_version=\u00bb4.27.4&#8243; _module_preset=\u00bbdefault\u00bb width=\u00bb94%\u00bb width_tablet=\u00bb94%\u00bb width_phone=\u00bb94%\u00bb width_last_edited=\u00bbon|desktop\u00bb module_alignment=\u00bbcenter\u00bb module_alignment_tablet=\u00bbcenter\u00bb module_alignment_phone=\u00bbcenter\u00bb module_alignment_last_edited=\u00bbon|desktop\u00bb global_colors_info=\u00bb{}\u00bb][\/et_pb_divider][et_pb_image src=\u00bbhttps:\/\/legalbrand.net\/wp-content\/uploads\/2025\/04\/Descripcion-Contratos.png\u00bb title_text=\u00bbDescripcion Contratos\u00bb _builder_version=\u00bb4.27.4&#8243; _module_preset=\u00bbdefault\u00bb custom_margin=\u00bb-24px||||false|false\u00bb custom_margin_tablet=\u00bb-24px||||false|false\u00bb custom_margin_phone=\u00bb-24px||||false|false\u00bb custom_margin_last_edited=\u00bbon|desktop\u00bb global_colors_info=\u00bb{}\u00bb][\/et_pb_image][et_pb_button button_url=\u00bbhttps:\/\/legalbrand.net\/index.php\/formulario\/\u00bb button_text=\u00bbSolicitar informaci\u00f3n\u00bb button_alignment=\u00bbcenter\u00bb _builder_version=\u00bb4.27.4&#8243; _module_preset=\u00bbdefault\u00bb custom_button=\u00bbon\u00bb button_text_size=\u00bb15px\u00bb button_text_color=\u00bb#ffffff\u00bb button_bg_color=\u00bb#3483fa\u00bb button_border_color=\u00bbRGBA(255,255,255,0)\u00bb button_border_radius=\u00bb16px\u00bb button_font=\u00bbPoppins|300|||||||\u00bb custom_padding=\u00bb7px|16px|7px|16px|true|true\u00bb custom_padding_tablet=\u00bb7px|36px|7px|36px|true|true\u00bb custom_padding_phone=\u00bb7px|36px|7px|36px|true|true\u00bb custom_padding_last_edited=\u00bbon|desktop\u00bb locked=\u00bboff\u00bb global_colors_info=\u00bb{}\u00bb][\/et_pb_button][et_pb_image src=\u00bbhttps:\/\/legalbrand.net\/wp-content\/uploads\/2025\/03\/Mercado-Pago-Boton.png\u00bb title_text=\u00bbMercado Pago Boton\u00bb align=\u00bbcenter\u00bb _builder_version=\u00bb4.27.4&#8243; _module_preset=\u00bbdefault\u00bb width=\u00bb51%\u00bb width_tablet=\u00bb51%\u00bb width_phone=\u00bb48%\u00bb width_last_edited=\u00bbon|desktop\u00bb global_colors_info=\u00bb{}\u00bb][\/et_pb_image][\/et_pb_column][\/et_pb_row][\/et_pb_section]<\/p>\n","protected":false},"excerpt":{"rendered":"<p>SERVICIOSContratosUn contrato bien redactado es esencial para proteger tus intereses y evitar futuros conflictos. Nuestro servicio de Elaboraci\u00f3n y Revisi\u00f3n de Contratos te proporciona la seguridad legal que necesitas para cerrar acuerdos con total confianza.\u00bfQu\u00e9 ofrecemos?An\u00e1lisis de Necesidades: Evaluamos tus necesidades espec\u00edficas y el tipo de contrato que mejor se adapta a tu situaci\u00f3n. Asesor\u00eda [&hellip;]<\/p>\n","protected":false},"author":1,"featured_media":0,"parent":0,"menu_order":0,"comment_status":"closed","ping_status":"closed","template":"","meta":{"_et_pb_use_builder":"on","_et_pb_old_content":"","_et_gb_content_width":"","footnotes":""},"class_list":["post-1340","page","type-page","status-publish","hentry"],"_links":{"self":[{"href":"https:\/\/legalbrand.net\/index.php\/wp-json\/wp\/v2\/pages\/1340","targetHints":{"allow":["GET"]}}],"collection":[{"href":"https:\/\/legalbrand.net\/index.php\/wp-json\/wp\/v2\/pages"}],"about":[{"href":"https:\/\/legalbrand.net\/index.php\/wp-json\/wp\/v2\/types\/page"}],"author":[{"embeddable":true,"href":"https:\/\/legalbrand.net\/index.php\/wp-json\/wp\/v2\/users\/1"}],"replies":[{"embeddable":true,"href":"https:\/\/legalbrand.net\/index.php\/wp-json\/wp\/v2\/comments?post=1340"}],"version-history":[{"count":9,"href":"https:\/\/legalbrand.net\/index.php\/wp-json\/wp\/v2\/pages\/1340\/revisions"}],"predecessor-version":[{"id":1426,"href":"https:\/\/legalbrand.net\/index.php\/wp-json\/wp\/v2\/pages\/1340\/revisions\/1426"}],"wp:attachment":[{"href":"https:\/\/legalbrand.net\/index.php\/wp-json\/wp\/v2\/media?parent=1340"}],"curies":[{"name":"wp","href":"https:\/\/api.w.org\/{rel}","templated":true}]}}