{"id":1392,"date":"2025-05-19T06:49:30","date_gmt":"2025-05-19T04:49:30","guid":{"rendered":"https:\/\/legalbrand.net\/?page_id=1392"},"modified":"2025-05-19T07:39:02","modified_gmt":"2025-05-19T05:39:02","slug":"comentarios","status":"publish","type":"page","link":"https:\/\/legalbrand.net\/index.php\/comentarios\/","title":{"rendered":"Comentarios"},"content":{"rendered":"<p>[et_pb_section fb_built=\u00bb1&#8243; _builder_version=\u00bb4.27.4&#8243; _module_preset=\u00bbdefault\u00bb global_colors_info=\u00bb{}\u00bb][et_pb_row _builder_version=\u00bb4.27.4&#8243; _module_preset=\u00bbdefault\u00bb global_colors_info=\u00bb{}\u00bb][et_pb_column type=\u00bb4_4&#8243; _builder_version=\u00bb4.27.4&#8243; _module_preset=\u00bbdefault\u00bb global_colors_info=\u00bb{}\u00bb][et_pb_text _builder_version=\u00bb4.27.4&#8243; _module_preset=\u00bbdefault\u00bb text_font=\u00bbPoppins|700|||||||\u00bb text_text_color=\u00bb#0a0a0a\u00bb text_font_size=\u00bb53px\u00bb text_line_height=\u00bb1.3em\u00bb text_orientation=\u00bbcenter\u00bb custom_margin=\u00bb59px||||false|false\u00bb text_font_size_tablet=\u00bb53px\u00bb text_font_size_phone=\u00bb30px\u00bb text_font_size_last_edited=\u00bbon|phone\u00bb text_line_height_tablet=\u00bb1.3em\u00bb text_line_height_phone=\u00bb1.3em\u00bb text_line_height_last_edited=\u00bbon|phone\u00bb global_colors_info=\u00bb{}\u00bb]<\/p>\n<p>Historias de \u00e9xito que inspiran<\/p>\n<p>[\/et_pb_text][et_pb_text _builder_version=\u00bb4.27.4&#8243; _module_preset=\u00bbdefault\u00bb text_font=\u00bbRoboto||||||||\u00bb text_text_color=\u00bb#848484&#8243; text_font_size=\u00bb29px\u00bb text_line_height=\u00bb1.6em\u00bb text_orientation=\u00bbjustified\u00bb custom_margin=\u00bb57px||||false|false\u00bb custom_margin_tablet=\u00bb57px||||false|false\u00bb custom_margin_phone=\u00bb57px||||false|false\u00bb custom_margin_last_edited=\u00bbon|desktop\u00bb text_font_size_tablet=\u00bb29px\u00bb text_font_size_phone=\u00bb19px\u00bb text_font_size_last_edited=\u00bbon|desktop\u00bb text_orientation_tablet=\u00bbjustified\u00bb text_orientation_phone=\u00bbcenter\u00bb text_orientation_last_edited=\u00bbon|phone\u00bb global_colors_info=\u00bb{}\u00bb]<\/p>\n<p>En Legal Brand, hemos sido testigos del impacto que una buena estrategia<br \/>de protecci\u00f3n de propiedad intelectual puede generar.<\/p>\n<p>[\/et_pb_text][et_pb_button button_url=\u00bbhttps:\/\/legalbrand.net\/index.php\/formulario\/\u00bb button_text=\u00bbComenzar\u00bb button_alignment=\u00bbcenter\u00bb _builder_version=\u00bb4.27.4&#8243; _module_preset=\u00bbdefault\u00bb custom_button=\u00bbon\u00bb button_text_color=\u00bb#ffffff\u00bb button_bg_color=\u00bb#f40004&#8243; button_border_color=\u00bbRGBA(255,255,255,0)\u00bb button_font=\u00bbRoboto||||||||\u00bb button_icon=\u00bb&#x35;||divi||400&#8243; custom_margin=\u00bb84px||||false|false\u00bb custom_margin_tablet=\u00bb84px||||false|false\u00bb custom_margin_phone=\u00bb84px||||false|false\u00bb custom_margin_last_edited=\u00bbon|desktop\u00bb custom_padding=\u00bb19px|84px|19px|84px|true|true\u00bb custom_padding_tablet=\u00bb19px|84px|19px|84px|true|true\u00bb custom_padding_phone=\u00bb19px|84px|19px|84px|true|true\u00bb custom_padding_last_edited=\u00bbon|desktop\u00bb animation_style=\u00bbslide\u00bb animation_direction=\u00bbbottom\u00bb locked=\u00bboff\u00bb global_colors_info=\u00bb{}\u00bb button_bg_color__hover_enabled=\u00bbon|hover\u00bb button_bg_color__hover=\u00bb#032B35&#8243; button_bg_enable_color__hover=\u00bbon\u00bb][\/et_pb_button][et_pb_image src=\u00bbhttps:\/\/legalbrand.net\/wp-content\/uploads\/2025\/05\/comentarios4.png\u00bb title_text=\u00bbcomentarios4&#8243; disabled_on=\u00bboff|off|on\u00bb _builder_version=\u00bb4.27.4&#8243; _module_preset=\u00bbdefault\u00bb custom_margin_tablet=\u00bb\u00bb custom_margin_phone=\u00bb53px||||false|false\u00bb custom_margin_last_edited=\u00bbon|phone\u00bb global_colors_info=\u00bb{}\u00bb][\/et_pb_image][et_pb_image src=\u00bbhttps:\/\/legalbrand.net\/wp-content\/uploads\/2025\/05\/comentarios3.png\u00bb title_text=\u00bbcomentarios3&#8243; disabled_on=\u00bboff|off|on\u00bb _builder_version=\u00bb4.27.4&#8243; _module_preset=\u00bbdefault\u00bb global_colors_info=\u00bb{}\u00bb][\/et_pb_image][\/et_pb_column][\/et_pb_row][et_pb_row disabled_on=\u00bbon|on|off\u00bb _builder_version=\u00bb4.27.4&#8243; _module_preset=\u00bbdefault\u00bb global_colors_info=\u00bb{}\u00bb][et_pb_column type=\u00bb4_4&#8243; _builder_version=\u00bb4.27.4&#8243; _module_preset=\u00bbdefault\u00bb global_colors_info=\u00bb{}\u00bb][et_pb_image src=\u00bbhttps:\/\/legalbrand.net\/wp-content\/uploads\/2025\/05\/Comentarios-1.png\u00bb title_text=\u00bbComentarios 1&#8243; disabled_on=\u00bbon|on|off\u00bb _builder_version=\u00bb4.27.4&#8243; _module_preset=\u00bbdefault\u00bb custom_margin=\u00bb39px||57px||false|false\u00bb custom_margin_tablet=\u00bb39px||57px||false|false\u00bb custom_margin_phone=\u00bb39px||57px||false|false\u00bb custom_margin_last_edited=\u00bbon|desktop\u00bb global_colors_info=\u00bb{}\u00bb][\/et_pb_image][et_pb_image src=\u00bbhttps:\/\/legalbrand.net\/wp-content\/uploads\/2025\/01\/circle_ui.svg-1.png\u00bb title_text=\u00bbcircle_ui.svg (1)\u00bb disabled_on=\u00bbon|on|off\u00bb _builder_version=\u00bb4.27.4&#8243; _module_preset=\u00bbdefault\u00bb positioning=\u00bbabsolute\u00bb position_origin_a=\u00bbcenter_right\u00bb horizontal_offset=\u00bb-308px\u00bb position_origin_a_tablet=\u00bbcenter_right\u00bb position_origin_a_phone=\u00bbcenter_right\u00bb position_origin_a_last_edited=\u00bbon|desktop\u00bb position_origin_f_tablet=\u00bb\u00bb position_origin_f_phone=\u00bb\u00bb position_origin_f_last_edited=\u00bbon|desktop\u00bb position_origin_r_tablet=\u00bb\u00bb position_origin_r_phone=\u00bb\u00bb position_origin_r_last_edited=\u00bbon|desktop\u00bb width=\u00bb26%\u00bb custom_margin=\u00bb312px||||false|false\u00bb custom_margin_tablet=\u00bb-192px||||false|false\u00bb custom_margin_phone=\u00bb-192px||||false|false\u00bb custom_margin_last_edited=\u00bbon|desktop\u00bb animation_style=\u00bbbounce\u00bb animation_direction=\u00bbbottom\u00bb positioning_tablet=\u00bbabsolute\u00bb positioning_phone=\u00bbabsolute\u00bb positioning_last_edited=\u00bbon|desktop\u00bb locked=\u00bboff\u00bb global_colors_info=\u00bb{}\u00bb][\/et_pb_image][et_pb_image src=\u00bbhttps:\/\/legalbrand.net\/wp-content\/uploads\/2025\/01\/circle_ui.svg-2.png\u00bb title_text=\u00bbcircle_ui.svg (2)\u00bb disabled_on=\u00bbon|on|off\u00bb _builder_version=\u00bb4.27.4&#8243; _module_preset=\u00bbdefault\u00bb positioning=\u00bbabsolute\u00bb position_origin_a=\u00bbcenter_left\u00bb horizontal_offset=\u00bb-313px\u00bb position_origin_a_tablet=\u00bbcenter_left\u00bb position_origin_a_phone=\u00bbcenter_left\u00bb position_origin_a_last_edited=\u00bbon|desktop\u00bb position_origin_f_tablet=\u00bb\u00bb position_origin_f_phone=\u00bb\u00bb position_origin_f_last_edited=\u00bbon|desktop\u00bb position_origin_r_tablet=\u00bb\u00bb position_origin_r_phone=\u00bb\u00bb position_origin_r_last_edited=\u00bbon|desktop\u00bb width=\u00bb100%\u00bb custom_margin=\u00bb334px||||false|false\u00bb custom_padding=\u00bb0px||||false|false\u00bb custom_padding_tablet=\u00bb0px||||false|false\u00bb custom_padding_phone=\u00bb0px||||false|false\u00bb custom_padding_last_edited=\u00bbon|desktop\u00bb animation_style=\u00bbbounce\u00bb animation_direction=\u00bbbottom\u00bb positioning_tablet=\u00bbabsolute\u00bb positioning_phone=\u00bbabsolute\u00bb positioning_last_edited=\u00bbon|desktop\u00bb locked=\u00bboff\u00bb global_colors_info=\u00bb{}\u00bb][\/et_pb_image][\/et_pb_column][\/et_pb_row][et_pb_row column_structure=\u00bb1_3,1_3,1_3&#8243; _builder_version=\u00bb4.27.4&#8243; _module_preset=\u00bbdefault\u00bb custom_margin_tablet=\u00bb\u00bb custom_margin_phone=\u00bb||||false|false\u00bb custom_margin_last_edited=\u00bbon|phone\u00bb hover_enabled=\u00bb0&#8243; locked=\u00bboff\u00bb global_colors_info=\u00bb{}\u00bb sticky_enabled=\u00bb0&#8243;][et_pb_column type=\u00bb1_3&#8243; _builder_version=\u00bb4.27.4&#8243; _module_preset=\u00bbdefault\u00bb global_colors_info=\u00bb{}\u00bb][et_pb_blurb image=\u00bbhttps:\/\/legalbrand.net\/wp-content\/uploads\/2025\/02\/Grupo-Mar.png\u00bb image_icon_width=\u00bb33%\u00bb content_max_width=\u00bb604px\u00bb image_icon_width_tablet=\u00bb33%\u00bb image_icon_width_phone=\u00bb33%\u00bb image_icon_width_last_edited=\u00bbon|desktop\u00bb content_max_width_tablet=\u00bb604px\u00bb content_max_width_phone=\u00bb100%\u00bb content_max_width_last_edited=\u00bbon|desktop\u00bb _builder_version=\u00bb4.27.4&#8243; _module_preset=\u00bbdefault\u00bb body_font=\u00bbPoppins||||||||\u00bb body_text_align=\u00bbjustify\u00bb body_text_color=\u00bb#878787&#8243; body_font_size=\u00bb10px\u00bb body_line_height=\u00bb2em\u00bb background_color=\u00bb#ffffff\u00bb width=\u00bb116%\u00bb width_tablet=\u00bb116%\u00bb width_phone=\u00bb116%\u00bb width_last_edited=\u00bbon|phone\u00bb custom_margin=\u00bb|0px||-20px|false|false\u00bb custom_margin_tablet=\u00bb|0px||-20px|false|false\u00bb custom_margin_phone=\u00bb|0px||-24px|false|false\u00bb custom_margin_last_edited=\u00bbon|desktop\u00bb custom_padding=\u00bb29px|41px|29px|41px|true|true\u00bb custom_padding_tablet=\u00bb29px|41px|29px|41px|true|true\u00bb custom_padding_phone=\u00bb30px|0px|30px|0px|true|false\u00bb custom_padding_last_edited=\u00bbon|desktop\u00bb body_text_align_tablet=\u00bbjustify\u00bb body_text_align_phone=\u00bbcenter\u00bb body_text_align_last_edited=\u00bbon|phone\u00bb body_font_size_tablet=\u00bb10px\u00bb body_font_size_phone=\u00bb10px\u00bb body_font_size_last_edited=\u00bbon|phone\u00bb border_radii=\u00bbon|25px|25px|25px|25px\u00bb box_shadow_style=\u00bbpreset1&#8243; box_shadow_horizontal=\u00bb-1px\u00bb box_shadow_vertical=\u00bb-3px\u00bb box_shadow_blur=\u00bb56px\u00bb box_shadow_spread=\u00bb-33px\u00bb global_colors_info=\u00bb{}\u00bb]<\/p>\n<p>Estoy muy satisfecho con el servicio de Legal Brand en<br \/>el proceso de registro de mi marca. Desde el inicio, me<br \/>brindaron asesor\u00eda clara y personalizada, manejaron<br \/>todos los tr\u00e1mites legales de manera profesional y se<br \/>aseguraron de mantenerme informado en cada etapa.<br \/>Gracias a su experiencia, mi marca ahora est\u00e1 protegida<br \/>y puedo enfocarme en hacer crecer mi negocio con<br \/>confianza. \u00a1Recomiendo su servicio al 100%!\u00bb<\/p>\n<p>[\/et_pb_blurb][\/et_pb_column][et_pb_column type=\u00bb1_3&#8243; _builder_version=\u00bb4.27.4&#8243; _module_preset=\u00bbdefault\u00bb global_colors_info=\u00bb{}\u00bb][et_pb_blurb image=\u00bbhttps:\/\/legalbrand.net\/wp-content\/uploads\/2025\/02\/eRRE.png\u00bb image_icon_width=\u00bb31%\u00bb content_max_width=\u00bb604px\u00bb image_icon_width_tablet=\u00bb31%\u00bb image_icon_width_phone=\u00bb31%\u00bb image_icon_width_last_edited=\u00bbon|desktop\u00bb content_max_width_tablet=\u00bb604px\u00bb content_max_width_phone=\u00bb100%\u00bb content_max_width_last_edited=\u00bbon|desktop\u00bb _builder_version=\u00bb4.27.4&#8243; _module_preset=\u00bbdefault\u00bb body_font=\u00bbPoppins||||||||\u00bb body_text_align=\u00bbjustify\u00bb body_text_color=\u00bb#878787&#8243; body_font_size=\u00bb10px\u00bb body_line_height=\u00bb2em\u00bb background_color=\u00bb#ffffff\u00bb image_icon_custom_margin=\u00bb-13px||||false|false\u00bb image_icon_custom_margin_tablet=\u00bb-13px||||false|false\u00bb image_icon_custom_margin_phone=\u00bb-13px||||false|false\u00bb image_icon_custom_margin_last_edited=\u00bbon|desktop\u00bb image_icon_custom_padding=\u00bb0px||||false|false\u00bb image_icon_custom_padding_tablet=\u00bb0px||||false|false\u00bb image_icon_custom_padding_phone=\u00bb0px||||false|false\u00bb image_icon_custom_padding_last_edited=\u00bbon|desktop\u00bb width=\u00bb116%\u00bb width_tablet=\u00bb116%\u00bb width_phone=\u00bb116%\u00bb width_last_edited=\u00bbon|phone\u00bb custom_margin_tablet=\u00bb\u00bb custom_margin_phone=\u00bb|0px||-24px|false|false\u00bb custom_margin_last_edited=\u00bbon|desktop\u00bb custom_padding=\u00bb60px|41px|60px|41px|true|true\u00bb custom_padding_tablet=\u00bb60px|41px|60px|41px|true|true\u00bb custom_padding_phone=\u00bb76px|0px|76px|0px|true|false\u00bb custom_padding_last_edited=\u00bbon|desktop\u00bb body_text_align_tablet=\u00bbjustify\u00bb body_text_align_phone=\u00bbcenter\u00bb body_text_align_last_edited=\u00bbon|phone\u00bb body_font_size_tablet=\u00bb10px\u00bb body_font_size_phone=\u00bb9px\u00bb body_font_size_last_edited=\u00bbon|phone\u00bb border_radii=\u00bbon|25px|25px|25px|25px\u00bb box_shadow_style=\u00bbpreset1&#8243; box_shadow_horizontal=\u00bb-1px\u00bb box_shadow_vertical=\u00bb-3px\u00bb box_shadow_blur=\u00bb56px\u00bb box_shadow_spread=\u00bb-33px\u00bb locked=\u00bboff\u00bb global_colors_info=\u00bb{}\u00bb]<\/p>\n<p>El proceso de registro de mi marca fue mucho m\u00e1s sencillo gracias a Legal Brand. Su equipo me gui\u00f3 en cada paso, resolvi\u00f3 todas mis dudas y se encarg\u00f3 de los tr\u00e1mites legales sin complicaciones.Ahora tengo la tranquilidad de que mi marca est\u00e1<br \/>protegida.<\/p>\n<p>[\/et_pb_blurb][et_pb_image src=\u00bbhttps:\/\/legalbrand.net\/wp-content\/uploads\/2025\/02\/Puntos-decorativos.png\u00bb title_text=\u00bbPuntos decorativos\u00bb disabled_on=\u00bbon|on|off\u00bb _builder_version=\u00bb4.27.4&#8243; _module_preset=\u00bbdefault\u00bb positioning=\u00bbabsolute\u00bb vertical_offset=\u00bb-23px\u00bb horizontal_offset=\u00bb-430px\u00bb width=\u00bb18%\u00bb locked=\u00bboff\u00bb global_colors_info=\u00bb{}\u00bb][\/et_pb_image][et_pb_image src=\u00bbhttps:\/\/legalbrand.net\/wp-content\/uploads\/2025\/02\/Puntos-decorativos.png\u00bb title_text=\u00bbPuntos decorativos\u00bb disabled_on=\u00bbon|on|off\u00bb _builder_version=\u00bb4.27.4&#8243; _module_preset=\u00bbdefault\u00bb positioning=\u00bbabsolute\u00bb vertical_offset=\u00bb252px\u00bb horizontal_offset=\u00bb748px\u00bb z_index=\u00bb1&#8243; width=\u00bb18%\u00bb global_colors_info=\u00bb{}\u00bb][\/et_pb_image][\/et_pb_column][et_pb_column type=\u00bb1_3&#8243; _builder_version=\u00bb4.27.4&#8243; _module_preset=\u00bbdefault\u00bb global_colors_info=\u00bb{}\u00bb][et_pb_blurb image=\u00bbhttps:\/\/legalbrand.net\/wp-content\/uploads\/2025\/02\/cASA-mEZKAL.png\u00bb image_icon_width=\u00bb33%\u00bb content_max_width=\u00bb604px\u00bb image_icon_width_tablet=\u00bb33%\u00bb image_icon_width_phone=\u00bb33%\u00bb image_icon_width_last_edited=\u00bbon|desktop\u00bb content_max_width_tablet=\u00bb604px\u00bb content_max_width_phone=\u00bb100%\u00bb content_max_width_last_edited=\u00bbon|desktop\u00bb _builder_version=\u00bb4.27.4&#8243; _module_preset=\u00bbdefault\u00bb body_font=\u00bbPoppins||||||||\u00bb body_text_align=\u00bbjustify\u00bb body_text_color=\u00bb#878787&#8243; body_font_size=\u00bb10px\u00bb body_line_height=\u00bb2em\u00bb background_color=\u00bb#ffffff\u00bb image_icon_custom_margin=\u00bb-13px||||false|false\u00bb image_icon_custom_margin_tablet=\u00bb-13px||||false|false\u00bb image_icon_custom_margin_phone=\u00bb-13px||||false|false\u00bb image_icon_custom_margin_last_edited=\u00bbon|desktop\u00bb image_icon_custom_padding=\u00bb0px||0px||false|false\u00bb image_icon_custom_padding_tablet=\u00bb0px||0px||false|false\u00bb image_icon_custom_padding_phone=\u00bb0px||0px||false|false\u00bb image_icon_custom_padding_last_edited=\u00bbon|desktop\u00bb z_index=\u00bb-6&#8243; width=\u00bb116%\u00bb width_tablet=\u00bb116%\u00bb width_phone=\u00bb116%\u00bb width_last_edited=\u00bbon|phone\u00bb custom_margin=\u00bb|0px||20px|false|false\u00bb custom_margin_tablet=\u00bb|0px||20px|false|false\u00bb custom_margin_phone=\u00bb|0px||-24px|false|false\u00bb custom_margin_last_edited=\u00bbon|desktop\u00bb custom_padding=\u00bb76px|41px|76px|41px|true|true\u00bb custom_padding_tablet=\u00bb76px|41px|76px|41px|true|true\u00bb custom_padding_phone=\u00bb76px|0px|76px|0px|true|false\u00bb custom_padding_last_edited=\u00bbon|desktop\u00bb body_text_align_tablet=\u00bbjustify\u00bb body_text_align_phone=\u00bbcenter\u00bb body_text_align_last_edited=\u00bbon|phone\u00bb body_font_size_tablet=\u00bb10px\u00bb body_font_size_phone=\u00bb10px\u00bb body_font_size_last_edited=\u00bbon|phone\u00bb border_radii=\u00bbon|25px|25px|25px|25px\u00bb box_shadow_style=\u00bbpreset1&#8243; box_shadow_horizontal=\u00bb-1px\u00bb box_shadow_vertical=\u00bb-3px\u00bb box_shadow_blur=\u00bb56px\u00bb box_shadow_spread=\u00bb-33px\u00bb locked=\u00bboff\u00bb global_colors_info=\u00bb{}\u00bb]<\/p>\n<p>Registrar mi marca con Legal Brand fue una excelente<br \/>decisi\u00f3n. Su atenci\u00f3n personalizada y su manejo<br \/>profesional de los tr\u00e1mites hicieron toda la diferencia.<br \/>Estoy agradecido por el seguimiento constante y los<br \/>resultados obtenidos. \u00a1Confianza total en su trabajo!<\/p>\n<p>[\/et_pb_blurb][\/et_pb_column][\/et_pb_row][et_pb_row _builder_version=\u00bb4.27.4&#8243; _module_preset=\u00bbdefault\u00bb global_colors_info=\u00bb{}\u00bb][et_pb_column type=\u00bb4_4&#8243; _builder_version=\u00bb4.27.4&#8243; _module_preset=\u00bbdefault\u00bb global_colors_info=\u00bb{}\u00bb][et_pb_image src=\u00bbhttps:\/\/legalbrand.net\/wp-content\/uploads\/2025\/05\/comentarios-2-scaled.png\u00bb title_text=\u00bbcomentarios 2&#8243; disabled_on=\u00bbon|on|off\u00bb _builder_version=\u00bb4.27.4&#8243; _module_preset=\u00bbdefault\u00bb global_colors_info=\u00bb{}\u00bb][\/et_pb_image][et_pb_button button_url=\u00bbhttps:\/\/legalbrand.net\/index.php\/formulario\/\u00bb button_text=\u00bbComenzar\u00bb button_alignment=\u00bbcenter\u00bb _builder_version=\u00bb4.27.4&#8243; _module_preset=\u00bbdefault\u00bb custom_button=\u00bbon\u00bb button_text_color=\u00bb#ffffff\u00bb button_bg_color=\u00bb#f40004&#8243; button_border_color=\u00bbRGBA(255,255,255,0)\u00bb button_font=\u00bbRoboto||||||||\u00bb button_icon=\u00bb&#x35;||divi||400&#8243; custom_margin=\u00bb-101px||||false|false\u00bb custom_margin_tablet=\u00bb-101px||||false|false\u00bb custom_margin_phone=\u00bb-101px||||false|false\u00bb custom_margin_last_edited=\u00bbon|desktop\u00bb custom_padding=\u00bb19px|84px|19px|84px|true|true\u00bb custom_padding_tablet=\u00bb19px|84px|19px|84px|true|true\u00bb custom_padding_phone=\u00bb19px|84px|19px|84px|true|true\u00bb custom_padding_last_edited=\u00bbon|desktop\u00bb animation_style=\u00bbslide\u00bb animation_direction=\u00bbbottom\u00bb locked=\u00bboff\u00bb global_colors_info=\u00bb{}\u00bb button_bg_color__hover_enabled=\u00bbon|hover\u00bb button_bg_color__hover=\u00bb#032B35&#8243; button_bg_enable_color__hover=\u00bbon\u00bb][\/et_pb_button][\/et_pb_column][\/et_pb_row][\/et_pb_section]<\/p>\n","protected":false},"excerpt":{"rendered":"<p>Historias de \u00e9xito que inspiranEn Legal Brand, hemos sido testigos del impacto que una buena estrategiade protecci\u00f3n de propiedad intelectual puede generar.Estoy muy satisfecho con el servicio de Legal Brand enel proceso de registro de mi marca. Desde el inicio, mebrindaron asesor\u00eda clara y personalizada, manejarontodos los tr\u00e1mites legales de manera profesional y seaseguraron de [&hellip;]<\/p>\n","protected":false},"author":1,"featured_media":0,"parent":0,"menu_order":0,"comment_status":"closed","ping_status":"closed","template":"","meta":{"_et_pb_use_builder":"on","_et_pb_old_content":"","_et_gb_content_width":"","footnotes":""},"class_list":["post-1392","page","type-page","status-publish","hentry"],"_links":{"self":[{"href":"https:\/\/legalbrand.net\/index.php\/wp-json\/wp\/v2\/pages\/1392","targetHints":{"allow":["GET"]}}],"collection":[{"href":"https:\/\/legalbrand.net\/index.php\/wp-json\/wp\/v2\/pages"}],"about":[{"href":"https:\/\/legalbrand.net\/index.php\/wp-json\/wp\/v2\/types\/page"}],"author":[{"embeddable":true,"href":"https:\/\/legalbrand.net\/index.php\/wp-json\/wp\/v2\/users\/1"}],"replies":[{"embeddable":true,"href":"https:\/\/legalbrand.net\/index.php\/wp-json\/wp\/v2\/comments?post=1392"}],"version-history":[{"count":7,"href":"https:\/\/legalbrand.net\/index.php\/wp-json\/wp\/v2\/pages\/1392\/revisions"}],"predecessor-version":[{"id":1406,"href":"https:\/\/legalbrand.net\/index.php\/wp-json\/wp\/v2\/pages\/1392\/revisions\/1406"}],"wp:attachment":[{"href":"https:\/\/legalbrand.net\/index.php\/wp-json\/wp\/v2\/media?parent=1392"}],"curies":[{"name":"wp","href":"https:\/\/api.w.org\/{rel}","templated":true}]}}