{"id":1451,"date":"2025-05-30T08:26:44","date_gmt":"2025-05-30T06:26:44","guid":{"rendered":"https:\/\/legalbrand.net\/?page_id=1451"},"modified":"2025-05-31T07:56:11","modified_gmt":"2025-05-31T05:56:11","slug":"blog","status":"publish","type":"page","link":"https:\/\/legalbrand.net\/index.php\/blog\/","title":{"rendered":"Blog"},"content":{"rendered":"<p>[et_pb_section fb_built=\u00bb1&#8243; _builder_version=\u00bb4.27.4&#8243; _module_preset=\u00bbdefault\u00bb global_colors_info=\u00bb{}\u00bb][et_pb_row _builder_version=\u00bb4.27.4&#8243; _module_preset=\u00bbdefault\u00bb global_colors_info=\u00bb{}\u00bb][et_pb_column type=\u00bb4_4&#8243; _builder_version=\u00bb4.27.4&#8243; _module_preset=\u00bbdefault\u00bb global_colors_info=\u00bb{}\u00bb][et_pb_text _builder_version=\u00bb4.27.4&#8243; _module_preset=\u00bbdefault\u00bb text_font=\u00bbPoppins|600|||||||\u00bb text_text_color=\u00bb#0a0a0a\u00bb text_font_size=\u00bb35px\u00bb text_line_height=\u00bb1.2em\u00bb hover_enabled=\u00bb0&#8243; text_font_size_tablet=\u00bb35px\u00bb text_font_size_phone=\u00bb26px\u00bb text_font_size_last_edited=\u00bbon|phone\u00bb text_orientation_tablet=\u00bb\u00bb text_orientation_phone=\u00bbcenter\u00bb text_orientation_last_edited=\u00bbon|phone\u00bb global_colors_info=\u00bb{}\u00bb animation_style=\u00bbslide\u00bb animation_direction=\u00bbtop\u00bb sticky_enabled=\u00bb0&#8243;]<\/p>\n<p>Legal Brand: Tu aliado estrat\u00e9gico para proteger tu<br \/>marca<\/p>\n<p>[\/et_pb_text][et_pb_image src=\u00bbhttps:\/\/legalbrand.net\/wp-content\/uploads\/2025\/05\/rodolgfo-blog.png\u00bb title_text=\u00bbrodolgfo blog\u00bb align_tablet=\u00bb\u00bb align_phone=\u00bbcenter\u00bb align_last_edited=\u00bbon|phone\u00bb _builder_version=\u00bb4.27.4&#8243; _module_preset=\u00bbdefault\u00bb width_tablet=\u00bb\u00bb width_phone=\u00bb200%\u00bb width_last_edited=\u00bbon|phone\u00bb max_width=\u00bb45%\u00bb max_width_tablet=\u00bb45%\u00bb max_width_phone=\u00bb100%\u00bb max_width_last_edited=\u00bbon|desktop\u00bb hover_enabled=\u00bb0&#8243; global_colors_info=\u00bb{}\u00bb animation_style=\u00bbslide\u00bb animation_direction=\u00bbtop\u00bb sticky_enabled=\u00bb0&#8243;][\/et_pb_image][\/et_pb_column][\/et_pb_row][et_pb_row custom_padding_last_edited=\u00bbon|desktop\u00bb _builder_version=\u00bb4.27.4&#8243; _module_preset=\u00bbdefault\u00bb background_color=\u00bb#f2f2f2&#8243; width=\u00bb100%\u00bb width_tablet=\u00bb100%\u00bb width_phone=\u00bb100%\u00bb width_last_edited=\u00bbon|desktop\u00bb max_width=\u00bb100%\u00bb custom_margin=\u00bb||122px||false|false\u00bb custom_margin_tablet=\u00bb||122px||false|false\u00bb custom_margin_phone=\u00bb||55px||false|false\u00bb custom_margin_last_edited=\u00bbon|desktop\u00bb custom_padding=\u00bb57px|112px|57px|112px|true|true\u00bb custom_padding_tablet=\u00bb57px|112px|57px|112px|true|true\u00bb custom_padding_phone=\u00bb32px|32px|32px|32px|true|true\u00bb hover_enabled=\u00bb0&#8243; border_radii=\u00bboff||200px||\u00bb border_radii_tablet=\u00bboff||200px||\u00bb border_radii_phone=\u00bboff|80px|80px||\u00bb border_radii_last_edited=\u00bbon|desktop\u00bb global_colors_info=\u00bb{}\u00bb custom_padding__hover_enabled=\u00bboff|desktop\u00bb animation_style=\u00bbbounce\u00bb animation_direction=\u00bbbottom\u00bb sticky_enabled=\u00bb0&#8243;][et_pb_column type=\u00bb4_4&#8243; _builder_version=\u00bb4.27.4&#8243; _module_preset=\u00bbdefault\u00bb global_colors_info=\u00bb{}\u00bb][et_pb_text _builder_version=\u00bb4.27.4&#8243; _module_preset=\u00bbdefault\u00bb text_font=\u00bbPoppins|600|||||||\u00bb text_text_color=\u00bb#0a0a0a\u00bb text_font_size=\u00bb40px\u00bb text_line_height=\u00bb1.2em\u00bb text_orientation=\u00bbcenter\u00bb text_font_size_tablet=\u00bb40px\u00bb text_font_size_phone=\u00bb22px\u00bb text_font_size_last_edited=\u00bbon|desktop\u00bb global_colors_info=\u00bb{}\u00bb]<\/p>\n<p>La importancia del registro de marca y la propiedad<br \/>intelectual<\/p>\n<p>[\/et_pb_text][et_pb_text _builder_version=\u00bb4.27.4&#8243; _module_preset=\u00bbdefault\u00bb text_font=\u00bbRoboto|300|||||||\u00bb text_text_color=\u00bb#727272&#8243; text_font_size=\u00bb22px\u00bb text_line_height=\u00bb1.3em\u00bb text_orientation=\u00bbjustified\u00bb width=\u00bb100%\u00bb width_tablet=\u00bb100%\u00bb width_phone=\u00bb100%\u00bb width_last_edited=\u00bbon|desktop\u00bb max_width=\u00bb100%\u00bb max_width_tablet=\u00bb100%\u00bb max_width_phone=\u00bb100%\u00bb max_width_last_edited=\u00bbon|desktop\u00bb custom_margin=\u00bb|||204px|false|false\u00bb custom_margin_tablet=\u00bb|||286px|false|false\u00bb custom_margin_phone=\u00bb|||0px|false|false\u00bb custom_margin_last_edited=\u00bbon|desktop\u00bb custom_padding_tablet=\u00bb\u00bb custom_padding_phone=\u00bb\u00bb custom_padding_last_edited=\u00bbon|desktop\u00bb text_text_color_tablet=\u00bb#727272&#8243; text_text_color_phone=\u00bb#212121&#8243; text_text_color_last_edited=\u00bbon|phone\u00bb text_font_size_tablet=\u00bb22px\u00bb text_font_size_phone=\u00bb14px\u00bb text_font_size_last_edited=\u00bbon|desktop\u00bb text_orientation_tablet=\u00bbjustified\u00bb text_orientation_phone=\u00bbleft\u00bb text_orientation_last_edited=\u00bbon|phone\u00bb global_colors_info=\u00bb{}\u00bb]<\/p>\n<p>Proteger tu marca no es solo un tr\u00e1mite, es una inversi\u00f3n en el futuro de tu negocio. El registro de<br \/>marca asegura tu identidad frente a la competencia, mientras que la propiedad intelectual resguarda<br \/>tus ideas, dise\u00f1os y creaciones. Descubre c\u00f3mo estos pasos fortalecen la confianza de tus clientes,<br \/>aumentan el valor de tu empresa y te brindan tranquilidad legal.<br \/>En un mercado competitivo, la diferenciaci\u00f3n es clave. Sin embargo, destacar no es suficiente si no<br \/>proteges tu identidad. El registro de marca asegura que tu nombre, logotipo o eslogan sea<br \/>exclusivamente tuyo, evitando que terceros lo utilicen sin tu permiso.<\/p>\n<p>Adem\u00e1s, la propiedad intelectual abarca m\u00e1s all\u00e1 del nombre de tu marca: protege tus creaciones<br \/>originales, como dise\u00f1os, invenciones o contenidos \u00fanicos, garantizando que seas el \u00fanico con<br \/>derechos legales sobre ellos.<\/p>\n<p>\u00bfPor qu\u00e9 es importante?<\/p>\n<p>1. Evitas conflictos legales: Registrar tu marca te da respaldo jur\u00eddico en caso de plagio o uso<br \/>indebido.<br \/>2. Generas confianza: Una marca registrada es sin\u00f3nimo de seriedad y profesionalismo ante clientes e inversionistas.<br \/>3. Aumentas el valor de tu negocio: Tu marca y tus ideas protegidas se convierten en activos<br \/>valiosos.<\/p>\n<p>[\/et_pb_text][\/et_pb_column][\/et_pb_row][et_pb_row _builder_version=\u00bb4.27.4&#8243; _module_preset=\u00bbdefault\u00bb hover_enabled=\u00bb0&#8243; global_colors_info=\u00bb{}\u00bb animation_style=\u00bbbounce\u00bb animation_direction=\u00bbright\u00bb sticky_enabled=\u00bb0&#8243;][et_pb_column type=\u00bb4_4&#8243; _builder_version=\u00bb4.27.4&#8243; _module_preset=\u00bbdefault\u00bb global_colors_info=\u00bb{}\u00bb][et_pb_text _builder_version=\u00bb4.27.4&#8243; _module_preset=\u00bbdefault\u00bb text_font=\u00bbRoboto||||||||\u00bb text_text_color=\u00bb#0a0a0a\u00bb text_font_size=\u00bb35px\u00bb text_line_height=\u00bb1em\u00bb text_font_size_tablet=\u00bb35px\u00bb text_font_size_phone=\u00bb30px\u00bb text_font_size_last_edited=\u00bbon|desktop\u00bb text_orientation_tablet=\u00bb\u00bb text_orientation_phone=\u00bbcenter\u00bb text_orientation_last_edited=\u00bbon|phone\u00bb global_colors_info=\u00bb{}\u00bb]<\/p>\n<p>\u00bfQu\u00e9 es la propiedad intelectual?<\/p>\n<p>[\/et_pb_text][et_pb_text _builder_version=\u00bb4.27.4&#8243; _module_preset=\u00bbdefault\u00bb text_font=\u00bbPoppins|300|||||||\u00bb text_text_color=\u00bb#727272&#8243; text_font_size=\u00bb18px\u00bb text_line_height=\u00bb1.2em\u00bb custom_margin=\u00bb||63px||false|false\u00bb custom_margin_tablet=\u00bb||63px||false|false\u00bb custom_margin_phone=\u00bb||63px||false|false\u00bb custom_margin_last_edited=\u00bbon|desktop\u00bb text_font_size_tablet=\u00bb18px\u00bb text_font_size_phone=\u00bb17px\u00bb text_font_size_last_edited=\u00bbon|desktop\u00bb global_colors_info=\u00bb{}\u00bb]<\/p>\n<p>La propiedad intelectual es un conjunto de derechos legales que protegen las creaciones de la mente<br \/>humana, como invenciones, obras art\u00edsticas, nombres comerciales, dise\u00f1os y m\u00e1s. Estos derechos<br \/>permiten a los creadores o titulares obtener reconocimiento y beneficios econ\u00f3micos por su trabajo<\/p>\n<p>[\/et_pb_text][et_pb_text _builder_version=\u00bb4.27.4&#8243; _module_preset=\u00bbdefault\u00bb text_font=\u00bbRoboto||||||||\u00bb text_text_color=\u00bb#0a0a0a\u00bb text_font_size=\u00bb35px\u00bb text_line_height=\u00bb1.2em\u00bb text_font_size_tablet=\u00bb35px\u00bb text_font_size_phone=\u00bb32px\u00bb text_font_size_last_edited=\u00bbon|desktop\u00bb text_orientation_tablet=\u00bb\u00bb text_orientation_phone=\u00bbcenter\u00bb text_orientation_last_edited=\u00bbon|phone\u00bb global_colors_info=\u00bb{}\u00bb]<\/p>\n<p>Principales tipos de propiedad intelectual<\/p>\n<p>[\/et_pb_text][et_pb_text _builder_version=\u00bb4.27.4&#8243; _module_preset=\u00bbdefault\u00bb text_font=\u00bbPoppins|300|||||||\u00bb text_text_color=\u00bb#727272&#8243; text_font_size=\u00bb18px\u00bb text_line_height=\u00bb1.2em\u00bb custom_margin=\u00bb||63px||false|false\u00bb custom_margin_tablet=\u00bb||63px||false|false\u00bb custom_margin_phone=\u00bb||63px||false|false\u00bb custom_margin_last_edited=\u00bbon|desktop\u00bb text_font_size_tablet=\u00bb18px\u00bb text_font_size_phone=\u00bb18px\u00bb text_font_size_last_edited=\u00bbon|desktop\u00bb global_colors_info=\u00bb{}\u00bb]<\/p>\n<p><strong>Derechos de autor:<\/strong> Protegen obras literarias, art\u00edsticas, musicales, software, y cualquier creaci\u00f3n<br \/>original de expresi\u00f3n.<\/p>\n<p><strong>Marcas:<\/strong> Identifican y distinguen productos o servicios a trav\u00e9s de nombres, logotipos, esl\u00f3ganes o s\u00edmbolos.<\/p>\n<p><strong>Patentes:<\/strong> Resguardan invenciones \u00fanicas, asegurando que solo el inventor o titular pueda explotarlas comercialmente.<\/p>\n<p><strong>Dise\u00f1os industriales:<\/strong> Protegen la apariencia est\u00e9tica de un producto.<\/p>\n<p><strong>Secretos industriales:<\/strong> Resguardan informaci\u00f3n valiosa como f\u00f3rmulas, m\u00e9todos o estrategias de<br \/>negocio que otorgan ventajas competitivas<\/p>\n<p>[\/et_pb_text][et_pb_image src=\u00bbhttps:\/\/legalbrand.net\/wp-content\/uploads\/2025\/05\/blog-3-scaled.png\u00bb title_text=\u00bbblog 3&#8243; align=\u00bbcenter\u00bb align_tablet=\u00bbcenter\u00bb align_phone=\u00bbcenter\u00bb align_last_edited=\u00bbon|desktop\u00bb disabled_on=\u00bbon|on|off\u00bb _builder_version=\u00bb4.27.4&#8243; _module_preset=\u00bbdefault\u00bb global_colors_info=\u00bb{}\u00bb][\/et_pb_image][et_pb_button button_url=\u00bbhttps:\/\/legalbrand.net\/index.php\/formulario\/\u00bb button_text=\u00bbComenzar\u00bb button_alignment=\u00bbcenter\u00bb _builder_version=\u00bb4.27.4&#8243; _module_preset=\u00bbdefault\u00bb custom_button=\u00bbon\u00bb button_text_color=\u00bb#ffffff\u00bb button_bg_color=\u00bb#f40004&#8243; button_border_color=\u00bbRGBA(255,255,255,0)\u00bb button_font=\u00bbRoboto||||||||\u00bb button_icon=\u00bb&#x35;||divi||400&#8243; custom_margin=\u00bb-7px||||false|false\u00bb custom_margin_tablet=\u00bb84px||||false|false\u00bb custom_margin_phone=\u00bb84px||||false|false\u00bb custom_margin_last_edited=\u00bbon|desktop\u00bb custom_padding=\u00bb19px|84px|19px|84px|true|true\u00bb custom_padding_tablet=\u00bb19px|84px|19px|84px|true|true\u00bb custom_padding_phone=\u00bb19px|84px|19px|84px|true|true\u00bb custom_padding_last_edited=\u00bbon|desktop\u00bb animation_style=\u00bbslide\u00bb animation_direction=\u00bbbottom\u00bb locked=\u00bboff\u00bb global_colors_info=\u00bb{}\u00bb button_bg_color__hover_enabled=\u00bbon|hover\u00bb button_bg_color__hover=\u00bb#032B35&#8243; button_bg_enable_color__hover=\u00bbon\u00bb][\/et_pb_button][\/et_pb_column][\/et_pb_row][\/et_pb_section]<\/p>\n","protected":false},"excerpt":{"rendered":"<p>Legal Brand: Tu aliado estrat\u00e9gico para proteger tumarcaLa importancia del registro de marca y la propiedadintelectualProteger tu marca no es solo un tr\u00e1mite, es una inversi\u00f3n en el futuro de tu negocio. El registro demarca asegura tu identidad frente a la competencia, mientras que la propiedad intelectual resguardatus ideas, dise\u00f1os y creaciones. Descubre c\u00f3mo estos [&hellip;]<\/p>\n","protected":false},"author":1,"featured_media":0,"parent":0,"menu_order":0,"comment_status":"closed","ping_status":"closed","template":"","meta":{"_et_pb_use_builder":"on","_et_pb_old_content":"","_et_gb_content_width":"","footnotes":""},"class_list":["post-1451","page","type-page","status-publish","hentry"],"_links":{"self":[{"href":"https:\/\/legalbrand.net\/index.php\/wp-json\/wp\/v2\/pages\/1451","targetHints":{"allow":["GET"]}}],"collection":[{"href":"https:\/\/legalbrand.net\/index.php\/wp-json\/wp\/v2\/pages"}],"about":[{"href":"https:\/\/legalbrand.net\/index.php\/wp-json\/wp\/v2\/types\/page"}],"author":[{"embeddable":true,"href":"https:\/\/legalbrand.net\/index.php\/wp-json\/wp\/v2\/users\/1"}],"replies":[{"embeddable":true,"href":"https:\/\/legalbrand.net\/index.php\/wp-json\/wp\/v2\/comments?post=1451"}],"version-history":[{"count":9,"href":"https:\/\/legalbrand.net\/index.php\/wp-json\/wp\/v2\/pages\/1451\/revisions"}],"predecessor-version":[{"id":1466,"href":"https:\/\/legalbrand.net\/index.php\/wp-json\/wp\/v2\/pages\/1451\/revisions\/1466"}],"wp:attachment":[{"href":"https:\/\/legalbrand.net\/index.php\/wp-json\/wp\/v2\/media?parent=1451"}],"curies":[{"name":"wp","href":"https:\/\/api.w.org\/{rel}","templated":true}]}}