{"id":1227,"date":"2025-03-14T07:14:22","date_gmt":"2025-03-14T06:14:22","guid":{"rendered":"https:\/\/legalbrand.net\/?post_type=product&#038;p=1227"},"modified":"2025-08-14T08:14:35","modified_gmt":"2025-08-14T06:14:35","slug":"registro-de-marca","status":"publish","type":"product","link":"https:\/\/legalbrand.net\/index.php\/producto\/registro-de-marca\/","title":{"rendered":"Registro de Marca"},"content":{"rendered":"<p><strong>\u00bfPor qu\u00e9 registrar tu marca?<\/strong><\/p>\n<p>Protecci\u00f3n legal: Aseg\u00farate de que nadie m\u00e1s pueda usar tu nombre o logotipo.<\/p>\n<p>Ventaja competitiva: Destaca en el mercado con una marca registrada.<\/p>\n<p>Valor de marca: Aumenta el valor y la credibilidad de tu negocio.<\/p>\n","protected":false},"excerpt":{"rendered":"<p>\u00bfTienes una marca y quieres asegurarte de que<\/p>\n<p>est\u00e9 completamente protegida? Nuestro servicio<\/p>\n<p>de registro de marca es la clave para blindar tu<\/p>\n<p>identidad comercial.<\/p>\n","protected":false},"featured_media":1731,"comment_status":"open","ping_status":"closed","template":"","meta":{"_et_pb_use_builder":"","_et_pb_old_content":"","_et_gb_content_width":""},"product_brand":[],"product_cat":[28],"product_tag":[],"class_list":{"0":"post-1227","1":"product","2":"type-product","3":"status-publish","4":"has-post-thumbnail","6":"product_cat-servicios","8":"first","9":"instock","10":"taxable","11":"shipping-taxable","12":"purchasable","13":"product-type-simple"},"_links":{"self":[{"href":"https:\/\/legalbrand.net\/index.php\/wp-json\/wp\/v2\/product\/1227","targetHints":{"allow":["GET"]}}],"collection":[{"href":"https:\/\/legalbrand.net\/index.php\/wp-json\/wp\/v2\/product"}],"about":[{"href":"https:\/\/legalbrand.net\/index.php\/wp-json\/wp\/v2\/types\/product"}],"replies":[{"embeddable":true,"href":"https:\/\/legalbrand.net\/index.php\/wp-json\/wp\/v2\/comments?post=1227"}],"wp:featuredmedia":[{"embeddable":true,"href":"https:\/\/legalbrand.net\/index.php\/wp-json\/wp\/v2\/media\/1731"}],"wp:attachment":[{"href":"https:\/\/legalbrand.net\/index.php\/wp-json\/wp\/v2\/media?parent=1227"}],"wp:term":[{"taxonomy":"product_brand","embeddable":true,"href":"https:\/\/legalbrand.net\/index.php\/wp-json\/wp\/v2\/product_brand?post=1227"},{"taxonomy":"product_cat","embeddable":true,"href":"https:\/\/legalbrand.net\/index.php\/wp-json\/wp\/v2\/product_cat?post=1227"},{"taxonomy":"product_tag","embeddable":true,"href":"https:\/\/legalbrand.net\/index.php\/wp-json\/wp\/v2\/product_tag?post=1227"}],"curies":[{"name":"wp","href":"https:\/\/api.w.org\/{rel}","templated":true}]}}